{"id":575,"date":"2025-03-20T08:06:02","date_gmt":"2025-03-20T08:06:02","guid":{"rendered":"https:\/\/familienclubaffoltern.ch\/?page_id=575"},"modified":"2025-05-15T13:13:31","modified_gmt":"2025-05-15T13:13:31","slug":"circolino-pipistrello-2025","status":"publish","type":"page","link":"https:\/\/familienclubaffoltern.ch\/?page_id=575","title":{"rendered":"Circolino Pipistrello 2025"},"content":{"rendered":"\n<figure class=\"wp-block-image size-full\" id=\"block-653772ac-d715-4db9-9078-25654b70b280\"><img loading=\"lazy\" decoding=\"async\" width=\"768\" height=\"516\" src=\"https:\/\/familienclubaffoltern.ch\/wp-content\/uploads\/2025\/03\/Flyer-Pipistrello.jpg\" alt=\"\" class=\"wp-image-576\" srcset=\"https:\/\/familienclubaffoltern.ch\/wp-content\/uploads\/2025\/03\/Flyer-Pipistrello.jpg 768w, https:\/\/familienclubaffoltern.ch\/wp-content\/uploads\/2025\/03\/Flyer-Pipistrello-300x202.jpg 300w\" sizes=\"auto, (max-width: 767px) 89vw, (max-width: 1000px) 54vw, (max-width: 1071px) 543px, 580px\" \/><\/figure>\n\n\n\n<h2 class=\"wp-block-heading\" id=\"block-f2b9cb7a-e5de-4bcc-ad0f-df6b55cd8eba\">Vom 13. bis 17. Oktober d\u00fcrfen Kinder wieder Zirkusluft schnuppern!<\/h2>\n\n\n\n<p id=\"block-db25bd2c-1ea7-452d-9d9d-31c896d2dd6a\"><\/p>\n\n\n\n<p id=\"block-a371afbe-fd7d-4fc6-bda7-9dc9b5043125\">W\u00e4hrend einer Woche k\u00f6nnen 100 Schulkinder Neues ausprobieren, eigene Ideen einbringen und eine Zirkusvorstellung kreieren.<\/p>\n\n\n\n<p id=\"block-a76092f1-9e75-4e7a-8f33-c044b511c3a7\">Seit \u00fcber 40 Jahren ist der <a href=\"https:\/\/www.pipistrello.ch\/\" target=\"_blank\" rel=\"noreferrer noopener\">Circolino Pipistrello<\/a> schon unterwegs und bietet einmalige Erlebnisse. Unter kundiger Leitung der Zirkus-Profis werden allerlei Kunstst\u00fccke und lustig-komische Dinge einstudiert und schliesslich vor grossem Publikum aufgef\u00fchrt. Einmal im Leben ein richtiger Clown sein, eine Artistin, ein Zirkus-Musikant oder eine Direktorin!<\/p>\n\n\n\n<p id=\"block-41f14be7-f632-460a-81f5-d881223cc108\">Bereits am Montag, wenn der Zirkus eintrifft, kann Hand angelegt werden beim Aufbau des Zeltes. Von Dienstag bis Donnerstag werden dann die einzelnen Zirkusnummern einge\u00fcbt, bevor schliesslich der grossartige und ultimative H\u00f6hepunkt folgt: die Kindervorstellung am Freitagabend!<\/p>\n\n\n\n<p id=\"block-cef35e33-63b8-493d-ad47-e3c57b19f7f6\">Wie so eine Zirkuswoche aussieht, zeigt dieser Film: <a href=\"https:\/\/www.youtube.com\/watch?v=RVTT2tcs9oA\" target=\"_blank\" rel=\"noreferrer noopener\">Circolino Pipistrello &#8211; Zirkus selber machen<\/a><\/p>\n\n\n\n<h2 class=\"wp-block-heading\" id=\"block-ec654f54-6150-41be-b64b-c89e9e3b8a31\">Daten:<\/h2>\n\n\n\n<p id=\"block-1b53418b-1c1a-426a-8fa2-73211cb650c3\">Montag, 13. Oktober bis Freitag, 17. Oktober 2025<\/p>\n\n\n\n<h2 class=\"wp-block-heading\" id=\"block-f9870787-c786-4e01-b82b-9ef8ed64ac5a\">Teilnehmer*innen:<\/h2>\n\n\n\n<p id=\"block-df921fa4-3f81-4b3e-8ede-4420e4edd65f\">Schulkinder (1.-8. Klasse)<\/p>\n\n\n\n<p id=\"block-944710e0-0a4c-434d-8c48-01427efc044e\">Falls bis Ende September nicht alle Pl\u00e4tze weg sind, k\u00f6nnen wir auch Kinder im 2. Kindergarten zulassen.<\/p>\n\n\n\n<h2 class=\"wp-block-heading\" id=\"block-4f5021dd-c1ad-4b28-90c2-14984740d49e\">Ort:<\/h2>\n\n\n\n<p id=\"block-803e5f23-f2b3-46e6-9d3a-771168da8a3f\">Butzenwiese Affoltern am Albis (<a href=\"https:\/\/www.google.ch\/maps\/place\/47%C2%B016'37.8%22N+8%C2%B027'34.0%22E\/@47.2771667,8.4588851,190m\/data=!3m2!1e3!4b1!4m9!1m2!2m1!1sbutzenwiese+affoltern!3m5!1s0x0:0x0!7e2!8m2!3d47.2771698!4d8.4594512\" target=\"_blank\" rel=\"noreferrer noopener\">Karte<\/a>)<\/p>\n\n\n\n<h2 class=\"wp-block-heading\" id=\"block-1c4a332d-a559-4a56-b68e-17239c328657\">Preise:<\/h2>\n\n\n\n<p id=\"block-f4f6bdd0-e4e3-4e24-8910-8e9985bfebfd\">Mitglieder: 150.- \/ ab dem zweiten Kind 130.-<\/p>\n\n\n\n<p id=\"block-38296a5d-4dd2-46a2-bcde-3e3cf615bdb8\">Nicht-Mitglieder: 200.- \/ ab dem zweiten Kind 180.-<\/p>\n\n\n\n<p id=\"block-c7b7a927-379a-49eb-a47b-cbad61dd5b7c\">(Neuanmeldungen f\u00fcr Mitgliedschaften ab 1.3.2025 gelten erst ab 2026. Dies deshalb, weil wir vor dem Pipistrello teilweise Neuanmeldungen erhalten, um vom Mitglieder-Rabatt zu profitieren, und dann werden die Mitgliederbeitr\u00e4ge danach doch nicht bezahlt.)<\/p>\n\n\n\n<h2 class=\"wp-block-heading\" id=\"block-b4405b8a-8574-4c61-bc53-b2592de85a07\">Anmeldung:<\/h2>\n\n\n\n<p id=\"block-30ed6866-e5e2-4151-8fcc-46f6ec02ab34\">Anmeldeformular ausf\u00fcllen, unterschreiben und per Mail schicken an: a&#110;&#109;&#x65;&#x6c;&#x64;un&#103;&#101;&#x6e;&#x40;&#x66;a&#109;&#105;&#108;&#x69;&#x65;&#x6e;c&#108;&#117;&#x62;&#x61;&#x66;fo&#108;&#116;&#x65;&#x72;&#x6e;&#46;&#99;&#104;<br><br>(Achtung: In den letzten Jahren waren die Pl\u00e4tze rasch vergeben, die Vergabe der Pl\u00e4tze erfolgt nach Datum der Anmeldung.)<\/p>\n\n\n<div class=\"wp-block-image\">\n<figure class=\"aligncenter size-medium\"><a href=\"https:\/\/familienclubaffoltern.ch\/wp-content\/uploads\/2025\/03\/Anmeldung-Pipistrello-2025.pdf\" target=\"_blank\" rel=\" noreferrer noopener\"><img loading=\"lazy\" decoding=\"async\" width=\"212\" height=\"300\" src=\"https:\/\/familienclubaffoltern.ch\/wp-content\/uploads\/2025\/03\/Anmeldung-Pipistrello-2025-pdf-212x300.jpg\" alt=\"\" class=\"wp-image-586\"\/><\/a><\/figure>\n<\/div>\n\n\n<h2 class=\"wp-block-heading\" id=\"block-8e2c2b8f-7314-4787-a57b-02c45978b4e9\">Programm:<\/h2>\n\n\n\n<p id=\"block-ef55ddc3-12a5-4a77-9b6e-f30d58760477\"><strong>Montag 13.10.2025, 10.00-12.00&nbsp; und 14.00-16.00h<\/strong><\/p>\n\n\n\n<p id=\"block-77c74e67-5e38-4215-a374-9a762441fcd4\">Mithilfe Zeltaufbau freiwillig, Betreuung durch Eltern<\/p>\n\n\n\n<p id=\"block-08a82d0e-7fcf-4dec-bdcf-df82b6bf3015\"><strong>Dienstag 14.10.2025, 9.00-12.00 und 13.30-16.00<\/strong><\/p>\n\n\n\n<p id=\"block-1a107f56-8d2e-4988-b0e8-71f55540ee44\">Appell, Animation, Proben mit den Kindern<\/p>\n\n\n\n<p id=\"block-05ae3a9a-c312-4ab3-868d-8e69a03d7ccf\"><strong>Mittwoch 15.10.2025, 9.30-12.00<\/strong><\/p>\n\n\n\n<p id=\"block-139906c7-bf82-4c6d-9883-df23345cc109\">Animation, Proben mit den Kindern<\/p>\n\n\n\n<p id=\"block-7da512a0-b8d0-4112-87bf-4452eec6d928\"><strong>Donnerstag 16.10.2025, 9.30-12.00 und 13.30-16.00<\/strong><\/p>\n\n\n\n<p id=\"block-274f8070-ede6-4efc-b62b-324d91b05195\">Animation, Proben mit den Kindern<\/p>\n\n\n\n<p id=\"block-652f68d1-db03-4a0e-b3c1-704b23391c4a\"><strong>Freitag&nbsp; 17.10.2025, 9.30-12.00<\/strong><\/p>\n\n\n\n<p id=\"block-cee5ae77-a71b-46d0-9680-d31a5dc9e059\">Hauptprobe Kinder (nicht \u00f6ffentlich)<\/p>\n\n\n\n<p id=\"block-4457bcaa-c31c-4642-985e-8559d3ac2418\"><strong>16.30<\/strong>&nbsp;&nbsp;&nbsp;&nbsp;&nbsp;&nbsp;&nbsp;&nbsp;&nbsp;&nbsp;&nbsp;&nbsp;&nbsp;&nbsp; Kinder schminken<\/p>\n\n\n\n<p id=\"block-77a81f0d-ecf4-462d-8616-4285069b638b\"><strong>18.00<\/strong>&nbsp;&nbsp;&nbsp;&nbsp;&nbsp;&nbsp;&nbsp;&nbsp;&nbsp;&nbsp;&nbsp;&nbsp;&nbsp;&nbsp; Vorstellung der Kinder<\/p>\n\n\n\n<h2 class=\"wp-block-heading\" id=\"block-6dfd4f22-2468-4eab-816f-5db3651d31d8\">Mittagstisch:<\/h2>\n\n\n\n<p id=\"block-271d5226-a8f2-4964-a345-97c64429415e\">Dienstag und Donnerstag,&nbsp; 15.- pro Kind und Mahlzeit<br>(Teilnahme nicht obligatorisch. Anmeldung via Formular zwingend und verbindlich.)<\/p>\n\n\n\n<h2 class=\"wp-block-heading\" id=\"block-b0192216-d5b9-4ade-a3d0-35091a811d43\">Versicherung:<\/h2>\n\n\n\n<p id=\"block-ce93cb09-c016-4cf2-bb61-0f37b1e3d69a\">Die Versicherung ist Sache der Teilnehmer*innen, bzw. ihrer Eltern.<\/p>\n\n\n\n<p><\/p>\n\n\n\n<h2 class=\"wp-block-heading\">Vorstellungen der Zirkus-Crew aus dem aktuellen Programm:<\/h2>\n\n\n\n<figure class=\"wp-block-gallery has-nested-images columns-default is-cropped wp-block-gallery-1 is-layout-flex wp-block-gallery-is-layout-flex\">\n<figure class=\"wp-block-image size-large\"><img loading=\"lazy\" decoding=\"async\" width=\"475\" height=\"656\" data-id=\"602\" src=\"https:\/\/familienclubaffoltern.ch\/wp-content\/uploads\/2025\/05\/Screenshot-2025-05-15-151038.png\" alt=\"\" class=\"wp-image-602\" srcset=\"https:\/\/familienclubaffoltern.ch\/wp-content\/uploads\/2025\/05\/Screenshot-2025-05-15-151038.png 475w, https:\/\/familienclubaffoltern.ch\/wp-content\/uploads\/2025\/05\/Screenshot-2025-05-15-151038-217x300.png 217w\" sizes=\"auto, (max-width: 475px) 100vw, 475px\" \/><\/figure>\n\n\n\n<figure class=\"wp-block-image size-large\"><img loading=\"lazy\" decoding=\"async\" width=\"468\" height=\"624\" data-id=\"601\" src=\"https:\/\/familienclubaffoltern.ch\/wp-content\/uploads\/2025\/05\/Screenshot-2025-05-15-151110.png\" alt=\"\" class=\"wp-image-601\" srcset=\"https:\/\/familienclubaffoltern.ch\/wp-content\/uploads\/2025\/05\/Screenshot-2025-05-15-151110.png 468w, https:\/\/familienclubaffoltern.ch\/wp-content\/uploads\/2025\/05\/Screenshot-2025-05-15-151110-225x300.png 225w\" sizes=\"auto, (max-width: 468px) 100vw, 468px\" \/><\/figure>\n<\/figure>\n\n\n\n<h2 class=\"wp-block-heading\" id=\"block-a36441a2-2531-486e-a5e7-443bed966839\">Hauptsponsor der Pipistrello-Woche in Affoltern:<\/h2>\n\n\n\n<figure class=\"wp-block-image size-large\"><a href=\"https:\/\/www.zkb.ch\/de\/standorte\/affoltern-a-a.html\"><img loading=\"lazy\" decoding=\"async\" width=\"1024\" height=\"580\" src=\"https:\/\/familienclubaffoltern.ch\/wp-content\/uploads\/2025\/03\/zkb-1024x580.jpg\" alt=\"\" class=\"wp-image-579\" srcset=\"https:\/\/familienclubaffoltern.ch\/wp-content\/uploads\/2025\/03\/zkb-1024x580.jpg 1024w, https:\/\/familienclubaffoltern.ch\/wp-content\/uploads\/2025\/03\/zkb-300x170.jpg 300w, https:\/\/familienclubaffoltern.ch\/wp-content\/uploads\/2025\/03\/zkb-768x435.jpg 768w, https:\/\/familienclubaffoltern.ch\/wp-content\/uploads\/2025\/03\/zkb.jpg 1320w\" sizes=\"auto, (max-width: 767px) 89vw, (max-width: 1000px) 54vw, (max-width: 1071px) 543px, 580px\" \/><\/a><\/figure>\n\n\n\n<p>Link zur <a href=\"https:\/\/www.zkb.ch\/de\/standorte\/affoltern-a-a.html\">Filiale in Affoltern am Albis<\/a>.<\/p>\n\n\n\n<figure class=\"wp-block-image\" id=\"block-db7ee394-8ba8-46a9-b64e-2fc1d8ce3ee9\"><img loading=\"lazy\" decoding=\"async\" width=\"767\" height=\"598\" src=\"https:\/\/familienclubaffoltern.ch\/wp-content\/uploads\/2025\/03\/Pipistrello-Zelt.jpg\" alt=\"Dieses Bild hat ein leeres Alt-Attribut. Der Dateiname ist Pipistrello-Zelt.jpg\" class=\"wp-image-589\" srcset=\"https:\/\/familienclubaffoltern.ch\/wp-content\/uploads\/2025\/03\/Pipistrello-Zelt.jpg 767w, https:\/\/familienclubaffoltern.ch\/wp-content\/uploads\/2025\/03\/Pipistrello-Zelt-300x234.jpg 300w\" sizes=\"auto, (max-width: 767px) 89vw, (max-width: 1000px) 54vw, (max-width: 1071px) 543px, 580px\" \/><\/figure>\n\n\n\n<p id=\"block-1b02356d-228b-4377-b3c8-f03994a31a29\"><\/p>\n","protected":false},"excerpt":{"rendered":"<p>Vom 13. bis 17. Oktober d\u00fcrfen Kinder wieder Zirkusluft schnuppern! W\u00e4hrend einer Woche k\u00f6nnen 100 Schulkinder Neues ausprobieren, eigene Ideen einbringen und eine Zirkusvorstellung kreieren. Seit \u00fcber 40 Jahren ist der Circolino Pipistrello schon unterwegs und bietet einmalige Erlebnisse. Unter kundiger Leitung der Zirkus-Profis werden allerlei Kunstst\u00fccke und lustig-komische Dinge einstudiert und schliesslich vor grossem &hellip; <\/p>\n<p class=\"link-more\"><a href=\"https:\/\/familienclubaffoltern.ch\/?page_id=575\" class=\"more-link\"><span class=\"screen-reader-text\">&#171;Circolino Pipistrello 2025&#187;<\/span> weiterlesen<\/a><\/p>\n","protected":false},"author":2,"featured_media":0,"parent":0,"menu_order":0,"comment_status":"closed","ping_status":"closed","template":"","meta":{"footnotes":""},"class_list":["post-575","page","type-page","status-publish","hentry"],"_links":{"self":[{"href":"https:\/\/familienclubaffoltern.ch\/index.php?rest_route=\/wp\/v2\/pages\/575","targetHints":{"allow":["GET"]}}],"collection":[{"href":"https:\/\/familienclubaffoltern.ch\/index.php?rest_route=\/wp\/v2\/pages"}],"about":[{"href":"https:\/\/familienclubaffoltern.ch\/index.php?rest_route=\/wp\/v2\/types\/page"}],"author":[{"embeddable":true,"href":"https:\/\/familienclubaffoltern.ch\/index.php?rest_route=\/wp\/v2\/users\/2"}],"replies":[{"embeddable":true,"href":"https:\/\/familienclubaffoltern.ch\/index.php?rest_route=%2Fwp%2Fv2%2Fcomments&post=575"}],"version-history":[{"count":17,"href":"https:\/\/familienclubaffoltern.ch\/index.php?rest_route=\/wp\/v2\/pages\/575\/revisions"}],"predecessor-version":[{"id":606,"href":"https:\/\/familienclubaffoltern.ch\/index.php?rest_route=\/wp\/v2\/pages\/575\/revisions\/606"}],"wp:attachment":[{"href":"https:\/\/familienclubaffoltern.ch\/index.php?rest_route=%2Fwp%2Fv2%2Fmedia&parent=575"}],"curies":[{"name":"wp","href":"https:\/\/api.w.org\/{rel}","templated":true}]}}