{"id":8,"date":"2020-09-25T16:19:44","date_gmt":"2020-09-25T16:19:44","guid":{"rendered":"https:\/\/familienclubaffoltern.ch\/?page_id=8"},"modified":"2026-03-05T21:10:59","modified_gmt":"2026-03-05T21:10:59","slug":"kontakt","status":"publish","type":"page","link":"https:\/\/familienclubaffoltern.ch\/?page_id=8","title":{"rendered":"Kontakt"},"content":{"rendered":"\n<p><\/p>\n\n\n\n<div class=\"wp-block-group\"><div class=\"wp-block-group__inner-container is-layout-flow wp-block-group-is-layout-flow\">\n<figure class=\"wp-block-gallery has-nested-images columns-default is-cropped wp-block-gallery-1 is-layout-flex wp-block-gallery-is-layout-flex\">\n<figure class=\"wp-block-image size-large\"><img loading=\"lazy\" decoding=\"async\" width=\"555\" height=\"71\" data-id=\"178\" src=\"https:\/\/familienclubaffoltern.ch\/wp-content\/uploads\/2021\/02\/vorstandbalcon.gif\" alt=\"\" class=\"wp-image-178\"\/><\/figure>\n<\/figure>\n<\/div><\/div>\n\n\n\n<p><\/p>\n\n\n\n<figure class=\"wp-block-table is-style-stripes\"><table><tbody><tr><td><strong>Marisa Gut<\/strong><\/td><td>Pr\u00e4sidium<\/td><td><a href=\"&#109;a&#x69;l&#x74;&#111;&#x3a;&#105;&#x6e;&#102;o&#x40;f&#x61;&#109;&#x69;&#108;&#x69;&#101;&#x6e;&#99;l&#x75;b&#x61;&#102;&#x66;&#111;&#x6c;&#116;e&#x72;n&#x2e;&#99;&#x68;\">email&#8230;<\/a><\/td><td class=\"has-text-align-left\" data-align=\"left\"><\/td><\/tr><tr><td><strong>Martin Th\u00fcring<\/strong><\/td><td>Vizepr\u00e4sidium, Kassier<\/td><td><a href=\"&#x6d;&#x61;&#x69;&#x6c;&#x74;&#x6f;&#x3a;&#x66;&#x69;&#x6e;&#x61;&#x6e;&#x7a;&#x65;&#110;&#64;&#102;&#97;&#109;&#105;&#108;&#105;&#101;&#110;&#99;lubaffol&#x74;&#x65;&#x72;&#x6e;&#x2e;&#x63;&#x68;\">email&#8230;<\/a><\/td><td class=\"has-text-align-left\" data-align=\"left\"><\/td><\/tr><tr><td><strong>Anja Knabenhans<\/strong> <\/td><td><\/td><td><\/td><td class=\"has-text-align-left\" data-align=\"left\"><\/td><\/tr><tr><td><strong>Manuela Lentini<\/strong><\/td><td><\/td><td><\/td><td class=\"has-text-align-left\" data-align=\"left\"><\/td><\/tr><tr><td><\/td><td>Kleiderb\u00f6rse<\/td><td><a href=\"m&#97;&#x69;&#x6c;&#x74;o&#58;&#107;&#x6c;&#x65;i&#100;&#101;&#x72;&#x62;oe&#114;&#x73;&#x65;&#x40;f&#97;&#x6d;&#x69;&#x6c;i&#101;&#110;&#x63;&#x6c;u&#98;&#97;&#x66;&#x66;ol&#116;&#x65;&#x72;&#x6e;&#46;&#99;&#104;\">email<\/a><a href=\"&#x6d;&#x61;&#105;l&#x74;&#x6f;&#58;&#98;o&#x65;&#x72;&#115;&#101;&#64;&#x66;&#x61;&#109;il&#x69;&#x65;&#110;c&#x6c;&#x75;&#98;&#97;f&#x66;&#x6f;&#108;&#116;e&#x72;&#x6e;&#46;ch\">&#8230;<\/a><\/td><td class=\"has-text-align-left\" data-align=\"left\"><\/td><\/tr><tr><td><\/td><td>Pipistrello<\/td><td><a href=\"m&#97;&#105;&#108;&#x74;&#x6f;&#x3a;in&#102;&#111;&#x40;&#x66;&#x61;&#x6d;il&#105;&#101;&#x6e;&#x63;&#x6c;&#x75;b&#97;&#102;&#102;&#x6f;&#x6c;&#x74;er&#110;&#46;&#99;&#x68;\">email&#8230;<\/a><\/td><td class=\"has-text-align-left\" data-align=\"left\"><\/td><\/tr><tr><td><\/td><td><\/td><td><\/td><td class=\"has-text-align-left\" data-align=\"left\"><\/td><\/tr><\/tbody><\/table><\/figure>\n\n\n\n<p>Wenn Du bei uns mitmachen willst oder weitere Informationen m\u00f6chtest, melde Dich bitte via <a href=\"&#x6d;&#97;i&#x6c;&#x74;&#111;:&#x69;&#110;f&#x6f;&#x40;&#102;a&#x6d;&#105;l&#x69;&#x65;&#110;c&#x6c;&#x75;&#98;&#x61;&#x66;&#102;o&#x6c;&#x74;&#101;r&#x6e;&#46;c&#x68;\" data-type=\"mailto\" data-id=\"&#109;&#x61;&#105;&#x6c;&#116;&#x6f;:&#x69;n&#x66;o&#64;&#x66;&#97;&#x6d;&#105;&#x6c;&#105;&#x65;n&#x63;l&#x75;b&#97;&#x66;&#102;&#x6f;&#108;&#x74;&#101;&#x72;n&#x2e;c&#x68;\">i&#110;&#102;&#x6f;&#x40;&#x66;am&#105;&#108;&#x69;&#x65;&#x6e;c&#108;&#117;&#98;&#x61;&#x66;&#x66;o&#108;&#116;&#x65;&#x72;&#x6e;&#46;c&#104;<\/a> bei uns \ud83d\ude42<\/p>\n\n\n\n<figure class=\"wp-block-image size-full\"><img loading=\"lazy\" decoding=\"async\" width=\"606\" height=\"386\" src=\"https:\/\/familienclubaffoltern.ch\/wp-content\/uploads\/2024\/09\/image-1.png\" alt=\"\" class=\"wp-image-542\" srcset=\"https:\/\/familienclubaffoltern.ch\/wp-content\/uploads\/2024\/09\/image-1.png 606w, https:\/\/familienclubaffoltern.ch\/wp-content\/uploads\/2024\/09\/image-1-300x191.png 300w\" sizes=\"auto, (max-width: 606px) 100vw, 606px\" \/><\/figure>\n\n\n\n<p>operated by Familienclub Affoltern am Albis<\/p>\n\n\n\n<p><a href=\"https:\/\/familienclubaffoltern.ch\/wp-content\/uploads\/2026\/03\/DSE-Familienclub-Affoltern-am-Albis.pdf\" data-type=\"attachment\" data-id=\"678\" target=\"_blank\" rel=\"noreferrer noopener nofollow\">Datenschutzerkl\u00e4rung<\/a><\/p>\n","protected":false},"excerpt":{"rendered":"<p>Marisa Gut Pr\u00e4sidium email&#8230; Martin Th\u00fcring Vizepr\u00e4sidium, Kassier email&#8230; Anja Knabenhans Manuela Lentini Kleiderb\u00f6rse email&#8230; Pipistrello email&#8230; Wenn Du bei uns mitmachen willst oder weitere Informationen m\u00f6chtest, melde Dich bitte via &#105;&#x6e;&#x66;o&#64;&#x66;a&#109;&#x69;l&#105;&#x65;n&#99;&#x6c;&#x75;&#98;&#x61;&#x66;f&#111;&#x6c;t&#101;&#x72;n&#46;&#x63;&#x68; bei uns \ud83d\ude42 operated by Familienclub Affoltern am Albis Datenschutzerkl\u00e4rung<\/p>\n","protected":false},"author":1,"featured_media":420,"parent":0,"menu_order":0,"comment_status":"closed","ping_status":"closed","template":"","meta":{"footnotes":""},"class_list":["post-8","page","type-page","status-publish","has-post-thumbnail","hentry"],"_links":{"self":[{"href":"https:\/\/familienclubaffoltern.ch\/index.php?rest_route=\/wp\/v2\/pages\/8","targetHints":{"allow":["GET"]}}],"collection":[{"href":"https:\/\/familienclubaffoltern.ch\/index.php?rest_route=\/wp\/v2\/pages"}],"about":[{"href":"https:\/\/familienclubaffoltern.ch\/index.php?rest_route=\/wp\/v2\/types\/page"}],"author":[{"embeddable":true,"href":"https:\/\/familienclubaffoltern.ch\/index.php?rest_route=\/wp\/v2\/users\/1"}],"replies":[{"embeddable":true,"href":"https:\/\/familienclubaffoltern.ch\/index.php?rest_route=%2Fwp%2Fv2%2Fcomments&post=8"}],"version-history":[{"count":36,"href":"https:\/\/familienclubaffoltern.ch\/index.php?rest_route=\/wp\/v2\/pages\/8\/revisions"}],"predecessor-version":[{"id":679,"href":"https:\/\/familienclubaffoltern.ch\/index.php?rest_route=\/wp\/v2\/pages\/8\/revisions\/679"}],"wp:featuredmedia":[{"embeddable":true,"href":"https:\/\/familienclubaffoltern.ch\/index.php?rest_route=\/wp\/v2\/media\/420"}],"wp:attachment":[{"href":"https:\/\/familienclubaffoltern.ch\/index.php?rest_route=%2Fwp%2Fv2%2Fmedia&parent=8"}],"curies":[{"name":"wp","href":"https:\/\/api.w.org\/{rel}","templated":true}]}}